{"id":35,"date":"2018-11-05T08:00:35","date_gmt":"2018-11-05T08:00:35","guid":{"rendered":"http:\/\/www.leedhospitality.com\/es\/?page_id=35"},"modified":"2018-11-05T08:00:35","modified_gmt":"2018-11-05T08:00:35","slug":"administracion-en-hosteleria-restauracion-y-turismo","status":"publish","type":"page","link":"https:\/\/www.leedhospitality.com\/es\/administracion-en-hosteleria-restauracion-y-turismo\/","title":{"rendered":"Administraci\u00f3n en Hosteler\u00eda, Restauraci\u00f3n y Turismo"},"content":{"rendered":"<p>implementaci\u00f3n de mecanismos de administraci\u00f3n de vuestra empresa seg\u00fan su tama\u00f1o y sus servicios, an\u00e1lisis mensual de los resultados, comentarios sobre la actividad y la administraci\u00f3n. Seguimiento de los planes de acci\u00f3n e implementaci\u00f3n de las acciones correctivas. Previsiones sobre la actividad, seguimiento de los indicadores claves de rendimiento (KPI), presupuesto provisional, seguimiento de las inversiones, asistencia en Marketing, e-commerce, recursos humanos, contables y jur\u00eddicos.<\/p>\n","protected":false},"excerpt":{"rendered":"<p>implementaci\u00f3n de mecanismos de administraci\u00f3n de vuestra empresa seg\u00fan su tama\u00f1o y sus servicios, an\u00e1lisis mensual de los resultados, comentarios sobre la actividad y la administraci\u00f3n. Seguimiento de los planes de acci\u00f3n e implementaci\u00f3n de las acciones correctivas. Previsiones sobre la actividad, seguimiento de los indicadores claves de rendimiento (KPI), presupuesto provisional, seguimiento de las [&hellip;]<\/p>\n","protected":false},"author":1,"featured_media":0,"parent":0,"menu_order":0,"comment_status":"closed","ping_status":"closed","template":"","meta":{"footnotes":""},"_links":{"self":[{"href":"https:\/\/www.leedhospitality.com\/es\/wp-json\/wp\/v2\/pages\/35"}],"collection":[{"href":"https:\/\/www.leedhospitality.com\/es\/wp-json\/wp\/v2\/pages"}],"about":[{"href":"https:\/\/www.leedhospitality.com\/es\/wp-json\/wp\/v2\/types\/page"}],"author":[{"embeddable":true,"href":"https:\/\/www.leedhospitality.com\/es\/wp-json\/wp\/v2\/users\/1"}],"replies":[{"embeddable":true,"href":"https:\/\/www.leedhospitality.com\/es\/wp-json\/wp\/v2\/comments?post=35"}],"version-history":[{"count":1,"href":"https:\/\/www.leedhospitality.com\/es\/wp-json\/wp\/v2\/pages\/35\/revisions"}],"predecessor-version":[{"id":36,"href":"https:\/\/www.leedhospitality.com\/es\/wp-json\/wp\/v2\/pages\/35\/revisions\/36"}],"wp:attachment":[{"href":"https:\/\/www.leedhospitality.com\/es\/wp-json\/wp\/v2\/media?parent=35"}],"curies":[{"name":"wp","href":"https:\/\/api.w.org\/{rel}","templated":true}]}}