{"id":39,"date":"2018-11-05T08:08:32","date_gmt":"2018-11-05T08:08:32","guid":{"rendered":"http:\/\/www.leedhospitality.com\/es\/?page_id=39"},"modified":"2018-11-05T08:08:32","modified_gmt":"2018-11-05T08:08:32","slug":"auditoria-interna-en-hosteleria-restauracion-y-turismo","status":"publish","type":"page","link":"https:\/\/www.leedhospitality.com\/es\/auditoria-interna-en-hosteleria-restauracion-y-turismo\/","title":{"rendered":"Auditoria Interna en Hosteler\u00eda, Restauraci\u00f3n y Turismo"},"content":{"rendered":"<p>implementaci\u00f3n de controles clave para las cuentas de balance general, auditorias peri\u00f3dicas, identificar los riesgos, redactar informes de auditor\u00eda y seguimiento de las recomendaciones. Misiones de cliente incognito e informe de la misi\u00f3n.<\/p>\n","protected":false},"excerpt":{"rendered":"<p>implementaci\u00f3n de controles clave para las cuentas de balance general, auditorias peri\u00f3dicas, identificar los riesgos, redactar informes de auditor\u00eda y seguimiento de las recomendaciones. Misiones de cliente incognito e informe de la misi\u00f3n.<\/p>\n","protected":false},"author":1,"featured_media":0,"parent":0,"menu_order":0,"comment_status":"closed","ping_status":"closed","template":"","meta":{"footnotes":""},"_links":{"self":[{"href":"https:\/\/www.leedhospitality.com\/es\/wp-json\/wp\/v2\/pages\/39"}],"collection":[{"href":"https:\/\/www.leedhospitality.com\/es\/wp-json\/wp\/v2\/pages"}],"about":[{"href":"https:\/\/www.leedhospitality.com\/es\/wp-json\/wp\/v2\/types\/page"}],"author":[{"embeddable":true,"href":"https:\/\/www.leedhospitality.com\/es\/wp-json\/wp\/v2\/users\/1"}],"replies":[{"embeddable":true,"href":"https:\/\/www.leedhospitality.com\/es\/wp-json\/wp\/v2\/comments?post=39"}],"version-history":[{"count":1,"href":"https:\/\/www.leedhospitality.com\/es\/wp-json\/wp\/v2\/pages\/39\/revisions"}],"predecessor-version":[{"id":40,"href":"https:\/\/www.leedhospitality.com\/es\/wp-json\/wp\/v2\/pages\/39\/revisions\/40"}],"wp:attachment":[{"href":"https:\/\/www.leedhospitality.com\/es\/wp-json\/wp\/v2\/media?parent=39"}],"curies":[{"name":"wp","href":"https:\/\/api.w.org\/{rel}","templated":true}]}}