{"id":41,"date":"2018-11-05T08:09:08","date_gmt":"2018-11-05T08:09:08","guid":{"rendered":"http:\/\/www.leedhospitality.com\/es\/?page_id=41"},"modified":"2018-11-05T08:09:08","modified_gmt":"2018-11-05T08:09:08","slug":"construccion-renovacion-adaptacion-mantenimiento-en-hosteleria-restauracion-y-turismo","status":"publish","type":"page","link":"https:\/\/www.leedhospitality.com\/es\/construccion-renovacion-adaptacion-mantenimiento-en-hosteleria-restauracion-y-turismo\/","title":{"rendered":"Construcci\u00f3n, renovaci\u00f3n, adaptaci\u00f3n, mantenimiento en Hosteler\u00eda, Restauraci\u00f3n y Turismo"},"content":{"rendered":"<p>Asesoramiento en ingenier\u00eda hotelera, mantenimiento de edificios y equipos, Proyectos de Hoteles, asistencia a la elaboraci\u00f3n de acciones, control, auditorias t\u00e9cnicas y la creaci\u00f3n de un departamento t\u00e9cnico en los hoteles. Adicionalmente, nos encargamos tambi\u00e9n de los pedidos de equipos para sus establecimientos.<\/p>\n","protected":false},"excerpt":{"rendered":"<p>Asesoramiento en ingenier\u00eda hotelera, mantenimiento de edificios y equipos, Proyectos de Hoteles, asistencia a la elaboraci\u00f3n de acciones, control, auditorias t\u00e9cnicas y la creaci\u00f3n de un departamento t\u00e9cnico en los hoteles. Adicionalmente, nos encargamos tambi\u00e9n de los pedidos de equipos para sus establecimientos.<\/p>\n","protected":false},"author":1,"featured_media":0,"parent":0,"menu_order":0,"comment_status":"closed","ping_status":"closed","template":"","meta":{"footnotes":""},"_links":{"self":[{"href":"https:\/\/www.leedhospitality.com\/es\/wp-json\/wp\/v2\/pages\/41"}],"collection":[{"href":"https:\/\/www.leedhospitality.com\/es\/wp-json\/wp\/v2\/pages"}],"about":[{"href":"https:\/\/www.leedhospitality.com\/es\/wp-json\/wp\/v2\/types\/page"}],"author":[{"embeddable":true,"href":"https:\/\/www.leedhospitality.com\/es\/wp-json\/wp\/v2\/users\/1"}],"replies":[{"embeddable":true,"href":"https:\/\/www.leedhospitality.com\/es\/wp-json\/wp\/v2\/comments?post=41"}],"version-history":[{"count":1,"href":"https:\/\/www.leedhospitality.com\/es\/wp-json\/wp\/v2\/pages\/41\/revisions"}],"predecessor-version":[{"id":42,"href":"https:\/\/www.leedhospitality.com\/es\/wp-json\/wp\/v2\/pages\/41\/revisions\/42"}],"wp:attachment":[{"href":"https:\/\/www.leedhospitality.com\/es\/wp-json\/wp\/v2\/media?parent=41"}],"curies":[{"name":"wp","href":"https:\/\/api.w.org\/{rel}","templated":true}]}}