{"id":43,"date":"2018-11-05T08:09:27","date_gmt":"2018-11-05T08:09:27","guid":{"rendered":"http:\/\/www.leedhospitality.com\/es\/?page_id=43"},"modified":"2018-11-05T08:09:27","modified_gmt":"2018-11-05T08:09:27","slug":"desarrollo","status":"publish","type":"page","link":"https:\/\/www.leedhospitality.com\/es\/desarrollo\/","title":{"rendered":"Desarrollo"},"content":{"rendered":"<p>Prospecci\u00f3n de proyectos inmobiliarios, An\u00e1lisis de oportunidades, de recompra e integraci\u00f3n.<\/p>\n","protected":false},"excerpt":{"rendered":"<p>Prospecci\u00f3n de proyectos inmobiliarios, An\u00e1lisis de oportunidades, de recompra e integraci\u00f3n.<\/p>\n","protected":false},"author":1,"featured_media":0,"parent":0,"menu_order":0,"comment_status":"closed","ping_status":"closed","template":"","meta":{"footnotes":""},"_links":{"self":[{"href":"https:\/\/www.leedhospitality.com\/es\/wp-json\/wp\/v2\/pages\/43"}],"collection":[{"href":"https:\/\/www.leedhospitality.com\/es\/wp-json\/wp\/v2\/pages"}],"about":[{"href":"https:\/\/www.leedhospitality.com\/es\/wp-json\/wp\/v2\/types\/page"}],"author":[{"embeddable":true,"href":"https:\/\/www.leedhospitality.com\/es\/wp-json\/wp\/v2\/users\/1"}],"replies":[{"embeddable":true,"href":"https:\/\/www.leedhospitality.com\/es\/wp-json\/wp\/v2\/comments?post=43"}],"version-history":[{"count":1,"href":"https:\/\/www.leedhospitality.com\/es\/wp-json\/wp\/v2\/pages\/43\/revisions"}],"predecessor-version":[{"id":44,"href":"https:\/\/www.leedhospitality.com\/es\/wp-json\/wp\/v2\/pages\/43\/revisions\/44"}],"wp:attachment":[{"href":"https:\/\/www.leedhospitality.com\/es\/wp-json\/wp\/v2\/media?parent=43"}],"curies":[{"name":"wp","href":"https:\/\/api.w.org\/{rel}","templated":true}]}}