{"id":45,"date":"2018-11-05T08:10:42","date_gmt":"2018-11-05T08:10:42","guid":{"rendered":"http:\/\/www.leedhospitality.com\/es\/?page_id=45"},"modified":"2018-11-05T08:10:42","modified_gmt":"2018-11-05T08:10:42","slug":"capacitacion-en-hosteleria-restauracion-y-turismo","status":"publish","type":"page","link":"https:\/\/www.leedhospitality.com\/es\/capacitacion-en-hosteleria-restauracion-y-turismo\/","title":{"rendered":"Capacitaci\u00f3n en Hosteler\u00eda, Restauraci\u00f3n y Turismo"},"content":{"rendered":"<p>Relaci\u00f3n f\u00edsica y telef\u00f3nica con el cliente, t\u00e9cnicas de restauraci\u00f3n y alojamiento, administraci\u00f3n, cocina, Mantenimiento, ventas y gesti\u00f3n  compleja de los ingresos (Yield Management).<\/p>\n","protected":false},"excerpt":{"rendered":"<p>Relaci\u00f3n f\u00edsica y telef\u00f3nica con el cliente, t\u00e9cnicas de restauraci\u00f3n y alojamiento, administraci\u00f3n, cocina, Mantenimiento, ventas y gesti\u00f3n compleja de los ingresos (Yield Management).<\/p>\n","protected":false},"author":1,"featured_media":0,"parent":0,"menu_order":0,"comment_status":"closed","ping_status":"closed","template":"","meta":{"footnotes":""},"_links":{"self":[{"href":"https:\/\/www.leedhospitality.com\/es\/wp-json\/wp\/v2\/pages\/45"}],"collection":[{"href":"https:\/\/www.leedhospitality.com\/es\/wp-json\/wp\/v2\/pages"}],"about":[{"href":"https:\/\/www.leedhospitality.com\/es\/wp-json\/wp\/v2\/types\/page"}],"author":[{"embeddable":true,"href":"https:\/\/www.leedhospitality.com\/es\/wp-json\/wp\/v2\/users\/1"}],"replies":[{"embeddable":true,"href":"https:\/\/www.leedhospitality.com\/es\/wp-json\/wp\/v2\/comments?post=45"}],"version-history":[{"count":1,"href":"https:\/\/www.leedhospitality.com\/es\/wp-json\/wp\/v2\/pages\/45\/revisions"}],"predecessor-version":[{"id":46,"href":"https:\/\/www.leedhospitality.com\/es\/wp-json\/wp\/v2\/pages\/45\/revisions\/46"}],"wp:attachment":[{"href":"https:\/\/www.leedhospitality.com\/es\/wp-json\/wp\/v2\/media?parent=45"}],"curies":[{"name":"wp","href":"https:\/\/api.w.org\/{rel}","templated":true}]}}