{"id":47,"date":"2018-11-05T08:11:07","date_gmt":"2018-11-05T08:11:07","guid":{"rendered":"http:\/\/www.leedhospitality.com\/es\/?page_id=47"},"modified":"2018-11-05T08:11:07","modified_gmt":"2018-11-05T08:11:07","slug":"organizacion-de-viajes-excursiones-turisticas-reuniones-incentivos-y-eventos","status":"publish","type":"page","link":"https:\/\/www.leedhospitality.com\/es\/organizacion-de-viajes-excursiones-turisticas-reuniones-incentivos-y-eventos\/","title":{"rendered":"Organizaci\u00f3n de viajes, excursiones tur\u00edsticas, reuniones, incentivos y eventos"},"content":{"rendered":"<p>Organizaci\u00f3n personalizada de sus viajes y eventos. Un equipo de profesionales est\u00e1 a su disposici\u00f3n con una lista de establecimientos socios.<\/p>\n","protected":false},"excerpt":{"rendered":"<p>Organizaci\u00f3n personalizada de sus viajes y eventos. Un equipo de profesionales est\u00e1 a su disposici\u00f3n con una lista de establecimientos socios.<\/p>\n","protected":false},"author":1,"featured_media":0,"parent":0,"menu_order":0,"comment_status":"closed","ping_status":"closed","template":"","meta":{"footnotes":""},"_links":{"self":[{"href":"https:\/\/www.leedhospitality.com\/es\/wp-json\/wp\/v2\/pages\/47"}],"collection":[{"href":"https:\/\/www.leedhospitality.com\/es\/wp-json\/wp\/v2\/pages"}],"about":[{"href":"https:\/\/www.leedhospitality.com\/es\/wp-json\/wp\/v2\/types\/page"}],"author":[{"embeddable":true,"href":"https:\/\/www.leedhospitality.com\/es\/wp-json\/wp\/v2\/users\/1"}],"replies":[{"embeddable":true,"href":"https:\/\/www.leedhospitality.com\/es\/wp-json\/wp\/v2\/comments?post=47"}],"version-history":[{"count":1,"href":"https:\/\/www.leedhospitality.com\/es\/wp-json\/wp\/v2\/pages\/47\/revisions"}],"predecessor-version":[{"id":48,"href":"https:\/\/www.leedhospitality.com\/es\/wp-json\/wp\/v2\/pages\/47\/revisions\/48"}],"wp:attachment":[{"href":"https:\/\/www.leedhospitality.com\/es\/wp-json\/wp\/v2\/media?parent=47"}],"curies":[{"name":"wp","href":"https:\/\/api.w.org\/{rel}","templated":true}]}}