{"id":56,"date":"2018-11-05T08:31:33","date_gmt":"2018-11-05T08:31:33","guid":{"rendered":"http:\/\/www.leedhospitality.com\/es\/?page_id=56"},"modified":"2018-11-05T08:33:22","modified_gmt":"2018-11-05T08:33:22","slug":"casa","status":"publish","type":"page","link":"https:\/\/www.leedhospitality.com\/es\/","title":{"rendered":"casa"},"content":{"rendered":"<style type=\"text\/css\">color: #fff !important;<\/style><div class=\"motoslider_wrapper \" id=\"motoslider_wrapper69d268414e5c4\" >\r\n        <div data-motoslider style=\"height: 550px; max-height: 550px;\">\r\n    <\/div>\r\n    <div class=\"motoslider\" style=\"display: none;\">\r\n        <div id=\"settings\"  data-full-window-width=\"true\" data-full-height=\"false\" data-full-height-offset=\"px\" data-full-height-offset-container=\"\" data-full-size-grid=\"false\" data-timer=\"true\" data-timer-delay=\"6000\" data-hover-timer=\"false\" data-counter=\"false\" data-slider-layout=\"auto\" data-timer-reverse=\"false\" data-arrows-show=\"true\" data-thumbnails-show=\"true\" data-slideshow-timer-show=\"false\" data-slideshow-ppb-show=\"true\" data-controls-hide-on-leave=\"false\" data-swipe=\"true\" data-delay-init=\"0\" data-scroll-init=\"false\" data-start-slide=\"1\" data-visible-from=\"480\" data-visible-till=\"\" data-layout-desktop-width=\"1170\" data-layout-desktop-height=\"550\" data-layout-notebook-width=\"1024\" data-layout-notebook-height=\"768\" data-layout-tablet-width=\"778\" data-layout-tablet-height=\"960\" data-layout-mobile-width=\"480\" data-layout-mobile-height=\"720\" data-layout=\"true;false;false;false\" data-custom-class=\"my-color\">\r\n        <\/div>\r\n        <div id=\"slides\">\r\n                            <div class=\"slide\"  data-class=\"\" data-id=\"\" data-animation=\"msSlideFade\" data-fade-animation=\"msSlideFade\" data-duration=\"1000\" data-easing=\"easeOutCirc\">\r\n                    <div class=\"slide_bg\" >\r\n                        <div  data-type=\"color\" data-color=\"rgb(255, 255, 255)\"><\/div><div  data-src=\"https:\/\/www.leedhospitality.com\/es\/wp-content\/uploads\/motopress-slider\/import\/bed-min-2.jpg\" data-type=\"image\" data-fit=\"cover\" data-position=\"center center\" data-repeat=\"no-repeat\"><\/div>                    <\/div>\r\n                    <div class=\"layers\">\r\n                                                            <div class=\"layer\"  data-type=\"html\" data-align-horizontal=\"center;center;center;center\" data-align-vertical=\"middle;middle;middle;middle\" data-offset-x=\"-307;-307;-307;-307\" data-offset-y=\"5;5;5;5\" data-animation=\"fadeIn\" data-timing-function=\"linear\" data-duration=\"1000\" data-leave-animation=\"auto\" data-leave-timing-function=\"linear\" data-leave-duration=\"1000\" data-delay=\"1000\" data-resizable=\"1\" data-dont-change-position=\"\" data-hide-width=\"\" data-font-size=\"32;32;32;32\" data-line-height=\";;;\" data-text-align=\";;;\" data-width=\"455;455;455;455\" data-white-space=\"normal;normal;normal;normal\" data-class=\"mpsl-layer\"><strong style=\"color: #fff;\">Administraci\u00f3n en Hosteler\u00eda, Restauraci\u00f3n y Turismo\u00a0<\/strong><\/div>\r\n                                                    <\/div>\r\n                <\/div>\r\n                            <div class=\"slide\"  data-class=\"\" data-id=\"\" data-animation=\"msSlideFade\" data-fade-animation=\"msSlideFade\" data-duration=\"1000\" data-easing=\"easeOutCirc\">\r\n                    <div class=\"slide_bg\" >\r\n                        <div  data-type=\"gradient\" data-color-initial=\"rgba(10, 9, 9, 0.7)\" data-color-final=\"rgb(0, 0, 0)\" data-position=\"180deg\"><\/div><div  data-src=\"https:\/\/www.leedhospitality.com\/es\/wp-content\/uploads\/motopress-slider\/import\/manuel-moreno-39516-unsplash-min-2.jpg\" data-type=\"image\" data-fit=\"cover\" data-position=\"center center\" data-repeat=\"no-repeat\"><\/div>                    <\/div>\r\n                    <div class=\"layers\">\r\n                                                            <div class=\"layer\"  data-type=\"html\" data-align-horizontal=\"center;center;center;center\" data-align-vertical=\"middle;middle;middle;middle\" data-offset-x=\"-298;-298;-298;-298\" data-offset-y=\"16;16;16;16\" data-animation=\"fadeIn\" data-timing-function=\"linear\" data-duration=\"1000\" data-leave-animation=\"auto\" data-leave-timing-function=\"linear\" data-leave-duration=\"1000\" data-delay=\"1000\" data-resizable=\"1\" data-dont-change-position=\"\" data-hide-width=\"\" data-font-size=\"32;32;32;32\" data-line-height=\";;;\" data-text-align=\";;;\" data-width=\"508;508;508;508\" data-white-space=\"normal;normal;normal;normal\" data-class=\"mpsl-layer\"><strong style=\"color: #fff;\">Auditoria Interna en Hosteler\u00eda, Restauraci\u00f3n y Turismo<\/strong><\/div>\r\n                                                    <\/div>\r\n                <\/div>\r\n                            <div class=\"slide\"  data-class=\"\" data-id=\"\" data-animation=\"msSlideFade\" data-fade-animation=\"msSlideFade\" data-duration=\"1000\" data-easing=\"easeOutCirc\">\r\n                    <div class=\"slide_bg\" >\r\n                        <div  data-type=\"gradient\" data-color-initial=\"rgba(10, 9, 9, 0.7)\" data-color-final=\"rgb(0, 0, 0)\" data-position=\"180deg\"><\/div><div  data-src=\"https:\/\/www.leedhospitality.com\/es\/wp-content\/uploads\/motopress-slider\/import\/john-moeses-bauan-630186-unsplash-min-2.jpg\" data-type=\"image\" data-fit=\"cover\" data-position=\"center center\" data-repeat=\"no-repeat\"><\/div>                    <\/div>\r\n                    <div class=\"layers\">\r\n                                                            <div class=\"layer\"  data-type=\"html\" data-align-horizontal=\"center;center;center;center\" data-align-vertical=\"middle;middle;middle;middle\" data-offset-x=\"-253;-253;-253;-253\" data-offset-y=\"6;6;6;6\" data-animation=\"fadeIn\" data-timing-function=\"linear\" data-duration=\"1000\" data-leave-animation=\"auto\" data-leave-timing-function=\"linear\" data-leave-duration=\"1000\" data-delay=\"1000\" data-resizable=\"1\" data-dont-change-position=\"\" data-hide-width=\"\" data-font-size=\"32;32;32;32\" data-line-height=\";;;\" data-text-align=\";;;\" data-width=\"631;631;631;631\" data-white-space=\"normal;normal;normal;normal\" data-class=\"mpsl-layer\"><strong style=\"color: #fff;\">\tConstrucci\u00f3n, renovaci\u00f3n, adaptaci\u00f3n, mantenimiento en Hosteler\u00eda, Restauraci\u00f3n y Turismo<\/strong><\/div>\r\n                                                    <\/div>\r\n                <\/div>\r\n                            <div class=\"slide\"  data-class=\"\" data-id=\"\" data-animation=\"msSlideFade\" data-fade-animation=\"msSlideFade\" data-duration=\"1000\" data-easing=\"easeOutCirc\">\r\n                    <div class=\"slide_bg\" >\r\n                        <div  data-type=\"gradient\" data-color-initial=\"rgba(10, 9, 9, 0.7)\" data-color-final=\"rgb(0, 0, 0)\" data-position=\"180deg\"><\/div><div  data-src=\"https:\/\/www.leedhospitality.com\/es\/wp-content\/uploads\/motopress-slider\/import\/jonathan-percy-501302-unsplash-min-2.jpg\" data-type=\"image\" data-fit=\"cover\" data-position=\"center center\" data-repeat=\"no-repeat\"><\/div>                    <\/div>\r\n                    <div class=\"layers\">\r\n                                                            <div class=\"layer\"  data-type=\"html\" data-align-horizontal=\"center;center;center;center\" data-align-vertical=\"middle;middle;middle;middle\" data-offset-x=\"-330;-330;-330;-330\" data-offset-y=\"15;15;15;15\" data-animation=\"fadeIn\" data-timing-function=\"linear\" data-duration=\"1000\" data-leave-animation=\"auto\" data-leave-timing-function=\"linear\" data-leave-duration=\"1000\" data-delay=\"1000\" data-resizable=\"1\" data-dont-change-position=\"\" data-hide-width=\"\" data-font-size=\"32;32;32;32\" data-line-height=\";;;\" data-text-align=\";;;\" data-width=\";;;\" data-white-space=\"normal;normal;normal;normal\" data-class=\"mpsl-layer\"><strong style=\"color: #fff;\">Desarrollo<\/strong><\/div>\r\n                                                    <\/div>\r\n                <\/div>\r\n                            <div class=\"slide\"  data-class=\"\" data-id=\"\" data-animation=\"msSlideFade\" data-fade-animation=\"msSlideFade\" data-duration=\"1000\" data-easing=\"easeOutCirc\">\r\n                    <div class=\"slide_bg\" >\r\n                        <div  data-type=\"gradient\" data-color-initial=\"rgba(10, 9, 9, 0.7)\" data-color-final=\"rgb(0, 0, 0)\" data-position=\"180deg\"><\/div><div  data-src=\"https:\/\/www.leedhospitality.com\/es\/wp-content\/uploads\/motopress-slider\/import\/rawpixel-783348-unsplash-min-2.jpg\" data-type=\"image\" data-fit=\"cover\" data-position=\"center center\" data-repeat=\"no-repeat\"><\/div>                    <\/div>\r\n                    <div class=\"layers\">\r\n                                                            <div class=\"layer\"  data-type=\"html\" data-align-horizontal=\"center;center;center;center\" data-align-vertical=\"middle;middle;middle;middle\" data-offset-x=\"-371;-371;-371;-371\" data-offset-y=\"-16;-16;-16;-16\" data-animation=\"fadeIn\" data-timing-function=\"linear\" data-duration=\"1000\" data-leave-animation=\"auto\" data-leave-timing-function=\"linear\" data-leave-duration=\"1000\" data-delay=\"1000\" data-resizable=\"1\" data-dont-change-position=\"\" data-hide-width=\"\" data-font-size=\"32;32;32;32\" data-line-height=\";;;\" data-text-align=\";;;\" data-width=\"410;410;410;410\" data-white-space=\"normal;normal;normal;normal\" data-class=\"mpsl-layer\"><strong style=\"color: #fff;\">Capacitaci\u00f3n en Hosteler\u00eda, Restauraci\u00f3n y Turismo<\/strong><\/div>\r\n                                                    <\/div>\r\n                <\/div>\r\n                            <div class=\"slide\"  data-class=\"\" data-id=\"\" data-animation=\"msSlideFade\" data-fade-animation=\"msSlideFade\" data-duration=\"1000\" data-easing=\"easeOutCirc\">\r\n                    <div class=\"slide_bg\" >\r\n                        <div  data-type=\"gradient\" data-color-initial=\"rgba(10, 9, 9, 0.7)\" data-color-final=\"rgb(0, 0, 0)\" data-position=\"180deg\"><\/div><div  data-src=\"https:\/\/www.leedhospitality.com\/es\/wp-content\/uploads\/motopress-slider\/import\/mantas-hesthaven-135478-unsplash-min-2.jpg\" data-type=\"image\" data-fit=\"cover\" data-position=\"center center\" data-repeat=\"no-repeat\"><\/div>                    <\/div>\r\n                    <div class=\"layers\">\r\n                                                            <div class=\"layer\"  data-type=\"html\" data-align-horizontal=\"center;center;center;center\" data-align-vertical=\"middle;middle;middle;middle\" data-offset-x=\"-238;-238;-238;-238\" data-offset-y=\"123;123;123;123\" data-animation=\"fadeIn\" data-timing-function=\"linear\" data-duration=\"1000\" data-leave-animation=\"auto\" data-leave-timing-function=\"linear\" data-leave-duration=\"1000\" data-delay=\"1000\" data-resizable=\"1\" data-dont-change-position=\"\" data-hide-width=\"\" data-font-size=\"32;32;32;32\" data-line-height=\";;;\" data-text-align=\";;;\" data-width=\"659;659;659;659\" data-white-space=\"normal;normal;normal;normal\" data-class=\"mpsl-layer\"><strong style=\"color: #fff;\">Organizaci\u00f3n de viajes, excursiones tur\u00edsticas, reuniones, incentivos y eventos<\/strong><\/div>\r\n                                                    <\/div>\r\n                <\/div>\r\n                    <\/div>\r\n    <\/div>\r\n<\/div>\r\n<p class=\"motopress-hide-script mpsl-hide-script\">\r\n    <script type=\"text\/javascript\" id='mpsl-fix-height-motoslider_wrapper69d268414e5c4'>\r\n        var aspect = 0.47008547008547;\r\n        var sliderWrapper = document.getElementById('motoslider_wrapper69d268414e5c4');\r\n        var outerWidth = sliderWrapper.offsetWidth;\r\n        var curHeight = outerWidth * aspect;\r\n        sliderWrapper.querySelector('[data-motoslider]').height = curHeight + 'px';\r\n    <\/script>\r\n<\/p>\n","protected":false},"excerpt":{"rendered":"","protected":false},"author":1,"featured_media":0,"parent":0,"menu_order":0,"comment_status":"closed","ping_status":"closed","template":"home-page.php","meta":{"footnotes":""},"_links":{"self":[{"href":"https:\/\/www.leedhospitality.com\/es\/wp-json\/wp\/v2\/pages\/56"}],"collection":[{"href":"https:\/\/www.leedhospitality.com\/es\/wp-json\/wp\/v2\/pages"}],"about":[{"href":"https:\/\/www.leedhospitality.com\/es\/wp-json\/wp\/v2\/types\/page"}],"author":[{"embeddable":true,"href":"https:\/\/www.leedhospitality.com\/es\/wp-json\/wp\/v2\/users\/1"}],"replies":[{"embeddable":true,"href":"https:\/\/www.leedhospitality.com\/es\/wp-json\/wp\/v2\/comments?post=56"}],"version-history":[{"count":1,"href":"https:\/\/www.leedhospitality.com\/es\/wp-json\/wp\/v2\/pages\/56\/revisions"}],"predecessor-version":[{"id":57,"href":"https:\/\/www.leedhospitality.com\/es\/wp-json\/wp\/v2\/pages\/56\/revisions\/57"}],"wp:attachment":[{"href":"https:\/\/www.leedhospitality.com\/es\/wp-json\/wp\/v2\/media?parent=56"}],"curies":[{"name":"wp","href":"https:\/\/api.w.org\/{rel}","templated":true}]}}