{"id":63,"date":"2018-11-05T08:45:25","date_gmt":"2018-11-05T08:45:25","guid":{"rendered":"http:\/\/www.leedhospitality.com\/es\/?page_id=63"},"modified":"2018-11-05T08:45:25","modified_gmt":"2018-11-05T08:45:25","slug":"valores-fundamentales","status":"publish","type":"page","link":"https:\/\/www.leedhospitality.com\/es\/valores-fundamentales\/","title":{"rendered":"Valores fundamentales"},"content":{"rendered":"<p><strong>Nuestra Misi\u00f3n<\/strong><\/p>\n<p>En Leedhospitality, creemos que cada oportunidad es una oportunidad para fortalecer nuestras relaciones duraderas con nuestros clientes e inversores. Reconocemos que nuestro \u00e9xito es una medida directa de la confianza depositada en nosotros por nuestros socios. Nuestra misi\u00f3n es continuar ayudando a nuestros clientes e inversionistas a alcanzar sus objetivos utilizando nuestro capital intelectual y financiero combinado con la excelencia profesional y los m\u00e1s altos est\u00e1ndares de integridad.<\/p>\n<p>&nbsp;<\/p>\n<p><strong>Nuestros Valores<\/strong><\/p>\n<p><strong>Excelencia profesional<\/strong><\/p>\n<p>&nbsp;<\/p>\n<p>Los equipos de Leedhospitality se esfuerzan por ofrecer los m\u00e1s altos niveles de calidad en todo lo que hacen. Con el fin de ofrecer un servicio excepcional, Leedhospitality se esfuerza por atraer, desarrollar y retener a las mejores personas de diferentes or\u00edgenes y culturas.<\/p>\n<p>&nbsp;<\/p>\n<p><strong>El esp\u00edritu emprendedor<\/strong><\/p>\n<p>Leedhospitality tiene una cultura orientada al rendimiento que fomenta el liderazgo, la creatividad y la responsabilidad; cada individuo debe tener un sentido de pertenencia y responsabilidad personal para crear valor para nuestros clientes e inversores.<\/p>\n<p>&nbsp;<\/p>\n<p><strong>Integridad<\/strong><\/p>\n<p>Leedhospitality est\u00e1 firmemente comprometida con los m\u00e1s altos est\u00e1ndares de comportamiento \u00e9tico, gobierno corporativo y cumplimiento de todas las leyes y regulaciones donde Leedhospitality opera.<\/p>\n<p>&nbsp;<\/p>\n<p><strong>Compromiso<\/strong><\/p>\n<p>Leedhospitality busca construir relaciones duraderas basadas en la confianza y el respeto mutuo. Leedhospitality fomenta una cultura en la que los intereses de los clientes e inversores prevalecen sobre los intereses de la sociedad. Se anima a los empleados a hacer siempre el &#8220;esfuerzo adicional&#8221; para ayudar a los clientes e inversores a alcanzar sus objetivos.<\/p>\n<p>&nbsp;<\/p>\n<p><strong>Trabajo en equipo y colaboraci\u00f3n<\/strong><\/p>\n<p>Leedhospitality fomenta una fuerte cultura de trabajo en equipo y colaboraci\u00f3n con el enfoque de &#8220;una sola compa\u00f1\u00eda&#8221; para aprovechar su experiencia, recursos y red de relaciones y asegurar que toda su gama de habilidades, conocimientos y experiencia puedan ser utilizados en beneficio de clientes e inversores.<\/p>\n","protected":false},"excerpt":{"rendered":"<p>Nuestra Misi\u00f3n En Leedhospitality, creemos que cada oportunidad es una oportunidad para fortalecer nuestras relaciones duraderas con nuestros clientes e inversores. Reconocemos que nuestro \u00e9xito es una medida directa de la confianza depositada en nosotros por nuestros socios. Nuestra misi\u00f3n es continuar ayudando a nuestros clientes e inversionistas a alcanzar sus objetivos utilizando nuestro capital [&hellip;]<\/p>\n","protected":false},"author":1,"featured_media":18,"parent":0,"menu_order":0,"comment_status":"closed","ping_status":"closed","template":"","meta":{"footnotes":""},"_links":{"self":[{"href":"https:\/\/www.leedhospitality.com\/es\/wp-json\/wp\/v2\/pages\/63"}],"collection":[{"href":"https:\/\/www.leedhospitality.com\/es\/wp-json\/wp\/v2\/pages"}],"about":[{"href":"https:\/\/www.leedhospitality.com\/es\/wp-json\/wp\/v2\/types\/page"}],"author":[{"embeddable":true,"href":"https:\/\/www.leedhospitality.com\/es\/wp-json\/wp\/v2\/users\/1"}],"replies":[{"embeddable":true,"href":"https:\/\/www.leedhospitality.com\/es\/wp-json\/wp\/v2\/comments?post=63"}],"version-history":[{"count":1,"href":"https:\/\/www.leedhospitality.com\/es\/wp-json\/wp\/v2\/pages\/63\/revisions"}],"predecessor-version":[{"id":64,"href":"https:\/\/www.leedhospitality.com\/es\/wp-json\/wp\/v2\/pages\/63\/revisions\/64"}],"wp:featuredmedia":[{"embeddable":true,"href":"https:\/\/www.leedhospitality.com\/es\/wp-json\/wp\/v2\/media\/18"}],"wp:attachment":[{"href":"https:\/\/www.leedhospitality.com\/es\/wp-json\/wp\/v2\/media?parent=63"}],"curies":[{"name":"wp","href":"https:\/\/api.w.org\/{rel}","templated":true}]}}