{"id":65,"date":"2018-11-05T08:47:00","date_gmt":"2018-11-05T08:47:00","guid":{"rendered":"http:\/\/www.leedhospitality.com\/es\/?page_id=65"},"modified":"2018-11-05T08:47:38","modified_gmt":"2018-11-05T08:47:38","slug":"sobre-nosotros","status":"publish","type":"page","link":"https:\/\/www.leedhospitality.com\/es\/sobre-nosotros\/","title":{"rendered":"Sobre Nosotros"},"content":{"rendered":"<p>Con nuestro equipo de especialistas, Leed Hospitality proporciona llave en mano servicios de construcci\u00f3n, renovaci\u00f3n, mantenimiento, apertura o comercializaci\u00f3n de sus establecimientos. Llevamos a cabo el seguimiento para acompa\u00f1arles en la administraci\u00f3n de su empresa y la capacitaci\u00f3n de su personal. Tambi\u00e9n elaboramos los procedimientos de control interno para evitar riesgos y optimizar sus ingresos.<\/p>\n<p>Nuestra empresa brinda asesoramiento y tambi\u00e9n nos ocupamos de la administraci\u00f3n de vuestro establecimiento mediante el reclutamiento de un Director General que acompa\u00f1amos y orientamos a lo largo de su misi\u00f3n para lograr sus objetivos.<\/p>\n","protected":false},"excerpt":{"rendered":"<p>Con nuestro equipo de especialistas, Leed Hospitality proporciona llave en mano servicios de construcci\u00f3n, renovaci\u00f3n, mantenimiento, apertura o comercializaci\u00f3n de sus establecimientos. Llevamos a cabo el seguimiento para acompa\u00f1arles en la administraci\u00f3n de su empresa y la capacitaci\u00f3n de su personal. Tambi\u00e9n elaboramos los procedimientos de control interno para evitar riesgos y optimizar sus ingresos. [&hellip;]<\/p>\n","protected":false},"author":1,"featured_media":13,"parent":0,"menu_order":0,"comment_status":"closed","ping_status":"closed","template":"","meta":{"footnotes":""},"_links":{"self":[{"href":"https:\/\/www.leedhospitality.com\/es\/wp-json\/wp\/v2\/pages\/65"}],"collection":[{"href":"https:\/\/www.leedhospitality.com\/es\/wp-json\/wp\/v2\/pages"}],"about":[{"href":"https:\/\/www.leedhospitality.com\/es\/wp-json\/wp\/v2\/types\/page"}],"author":[{"embeddable":true,"href":"https:\/\/www.leedhospitality.com\/es\/wp-json\/wp\/v2\/users\/1"}],"replies":[{"embeddable":true,"href":"https:\/\/www.leedhospitality.com\/es\/wp-json\/wp\/v2\/comments?post=65"}],"version-history":[{"count":2,"href":"https:\/\/www.leedhospitality.com\/es\/wp-json\/wp\/v2\/pages\/65\/revisions"}],"predecessor-version":[{"id":67,"href":"https:\/\/www.leedhospitality.com\/es\/wp-json\/wp\/v2\/pages\/65\/revisions\/67"}],"wp:featuredmedia":[{"embeddable":true,"href":"https:\/\/www.leedhospitality.com\/es\/wp-json\/wp\/v2\/media\/13"}],"wp:attachment":[{"href":"https:\/\/www.leedhospitality.com\/es\/wp-json\/wp\/v2\/media?parent=65"}],"curies":[{"name":"wp","href":"https:\/\/api.w.org\/{rel}","templated":true}]}}